{"id":157,"date":"2018-05-25T10:49:47","date_gmt":"2018-05-25T10:49:47","guid":{"rendered":"http:\/\/localhost\/wordpress\/promocionfresnonorte\/?page_id=157"},"modified":"2018-06-26T14:14:22","modified_gmt":"2018-06-26T14:14:22","slug":"contacto-chalet-fresno-norte","status":"publish","type":"page","link":"https:\/\/fresnonorte.viviendaqualityplus.es\/index.php\/contacto-chalet-fresno-norte\/","title":{"rendered":"CONTACTO"},"content":{"rendered":"[et_pb_section fb_built=\u00bb1&#8243; _builder_version=\u00bb3.0.105&#8243; background_image=\u00bbhttp:\/\/fresnonorte.viviendaqualityplus.es\/wp-content\/uploads\/Quality-Fresno-Norte-vivienda-unifamiliar-cabecera-contacto.jpg\u00bb background_size=\u00bbinitial\u00bb custom_padding=\u00bb54px|0px|56px|0px\u00bb][et_pb_row make_fullwidth=\u00bbon\u00bb custom_padding=\u00bb|||\u00bb custom_margin=\u00bb|||\u00bb _builder_version=\u00bb3.0.105&#8243; custom_css_main_element=\u00bbz-index:100;\u00bb][et_pb_column type=\u00bb4_4&#8243; _builder_version=\u00bb3.0.47&#8243; parallax=\u00bboff\u00bb parallax_method=\u00bbon\u00bb][et_pb_button button_text=\u00bbCONTACTAR\u00bb button_alignment=\u00bbright\u00bb _builder_version=\u00bb3.0.105&#8243; custom_margin=\u00bb-50px|||-130px\u00bb custom_padding=\u00bb|||\u00bb custom_button=\u00bbon\u00bb button_bg_color=\u00bbrgba(252,252,252,0.71)\u00bb button_on_hover=\u00bboff\u00bb button_bg_color_hover=\u00bbrgba(252,252,252,0.71)\u00bb button_letter_spacing_hover=\u00bb2&#8243; box_shadow_style=\u00bbpreset4&#8243; box_shadow_horizontal=\u00bb8px\u00bb box_shadow_vertical=\u00bb8px\u00bb box_shadow_color=\u00bbrgba(0,0,0,0.09)\u00bb custom_css_main_element=\u00bbposition:fixed;||z-index:100!important;||display:none\u00bb][\/et_pb_button][\/et_pb_column][\/et_pb_row][\/et_pb_section][et_pb_section fb_built=\u00bb1&#8243; custom_padding_last_edited=\u00bbon|desktop\u00bb _builder_version=\u00bb3.0.105&#8243; custom_padding=\u00bb54px|0px|0px|0px\u00bb custom_padding_phone=\u00bb50px||50px|\u00bb][et_pb_row use_custom_width=\u00bbon\u00bb custom_width_px=\u00bb1280px\u00bb custom_padding=\u00bb89px|0px|0px|0px\u00bb custom_padding_tablet=\u00bb50px|||\u00bb custom_padding_phone=\u00bb0px|0px|27px|0px\u00bb make_equal=\u00bbon\u00bb custom_padding_last_edited=\u00bbon|tablet\u00bb _builder_version=\u00bb3.0.105&#8243; background_size=\u00bbinitial\u00bb background_position=\u00bbtop_left\u00bb background_repeat=\u00bbrepeat\u00bb][et_pb_column type=\u00bb1_2&#8243; _builder_version=\u00bb3.0.47&#8243; parallax=\u00bboff\u00bb parallax_method=\u00bbon\u00bb][et_pb_text disabled_on=\u00bbon|on|off\u00bb _builder_version=\u00bb3.0.105&#8243; text_font=\u00bb||||||||\u00bb text_font_size=\u00bb15px\u00bb text_text_color=\u00bb#333333&#8243; header_font=\u00bb||||||||\u00bb header_font_size=\u00bb14px\u00bb header_2_font=\u00bb||||||||\u00bb header_2_font_size=\u00bb14px\u00bb header_2_font_size_phone=\u00bb12px\u00bb header_2_font_size_last_edited=\u00bbon|desktop\u00bb custom_margin=\u00bb||50px|\u00bb custom_margin_tablet=\u00bb50px||50px|\u00bb custom_margin_phone=\u00bb||20px|\u00bb custom_margin_last_edited=\u00bbon|tablet\u00bb custom_padding=\u00bb|||\u00bb custom_css_main_element=\u00bbborder-left: 10px; ||border-left-color: #c4c4c4; ||border-left-style: solid;||padding-left: 10px;\u00bb global_module=\u00bb312&#8243; saved_tabs=\u00bball\u00bb]<span style=\"font-size:large\";><strong>CONTACTA CON NOSOTROS<\/strong><\/span><br \/>\n[\/et_pb_text][et_pb_text _builder_version=\u00bb3.0.105&#8243; custom_margin=\u00bb|||\u00bb custom_margin_phone=\u00bb||0px|\u00bb custom_margin_last_edited=\u00bbon|desktop\u00bb]\n<p><strong>Quality-Plus (oficina de ventas):<\/strong><\/p>\n<p style=\"padding-left: 20px;\">Paseo de Europa 5, Torre 2, oficinas 2.1-2.2-3.1;\u00a0<br \/> San Sebasti\u00e1n de los Reyes, 28703, Madrid.<\/p>\n<p style=\"padding-left: 20px;\">Horario: L-V: 08.00h-14.30h \/\/ 15.00h-18.00h<\/p>\n<p style=\"padding-left: 20px;\">Tel.: <a href=\"tel:+34916516561\">91 651 65 61<\/a><\/p>\n<p style=\"padding-left: 20px;\">Tel.: <a href=\"tel:+34916537662\">91 653 76 62<\/a><\/p>\n<p style=\"padding-left: 20px;\">Mail: <a href=\"mailto:info@quality-plus.es\">info@quality-plus.es<\/a><\/p>\n[\/et_pb_text][\/et_pb_column][et_pb_column type=\u00bb1_2&#8243; _builder_version=\u00bb3.0.47&#8243; parallax=\u00bboff\u00bb parallax_method=\u00bbon\u00bb][et_pb_text disabled_on=\u00bboff|off|on\u00bb _builder_version=\u00bb3.0.105&#8243; text_font=\u00bb||||||||\u00bb text_font_size=\u00bb15px\u00bb text_text_color=\u00bb#333333&#8243; header_font=\u00bb||||||||\u00bb header_font_size=\u00bb14px\u00bb header_2_font=\u00bb||||||||\u00bb header_2_font_size=\u00bb14px\u00bb header_2_font_size_phone=\u00bb12px\u00bb header_2_font_size_last_edited=\u00bbon|desktop\u00bb custom_margin=\u00bb||20px|\u00bb custom_margin_tablet=\u00bb50px||50px|\u00bb custom_margin_phone=\u00bb||20px|\u00bb custom_margin_last_edited=\u00bbon|tablet\u00bb custom_padding=\u00bb|||\u00bb custom_css_main_element=\u00bbborder-left: 10px; ||border-left-color: #c4c4c4; ||border-left-style: solid;||padding-left: 10px;\u00bb global_module=\u00bb312&#8243; saved_tabs=\u00bball\u00bb]<span style=\"font-size:large\";><strong>CONTACTA CON NOSOTROS<\/strong><\/span><br \/>\n[\/et_pb_text][et_pb_code _builder_version=\u00bb3.0.105&#8243; custom_margin_last_edited=\u00bbon|desktop\u00bb custom_padding_last_edited=\u00bbon|desktop\u00bb global_module=\u00bb1467&#8243; saved_tabs=\u00bball\u00bb][contact-form-7 404 \"No encontrado\"][\/et_pb_code][et_pb_text disabled_on=\u00bboff|off|on\u00bb _builder_version=\u00bb3.0.105&#8243; text_font=\u00bb||||||||\u00bb text_font_size=\u00bb10px\u00bb text_line_height=\u00bb1.4em\u00bb header_font=\u00bb||||||||\u00bb global_module=\u00bb377&#8243; saved_tabs=\u00bball\u00bb]\n<p><strong>TRATAMIENTO DE DATOS DE CAR\u00c1CTER PERSONAL<\/strong><br \/>\nEn cumplimiento de los establecido en la normativa espa\u00f1ola y europea de Protecci\u00f3n de Datos de Car\u00e1cter Personal y Servicios de Sociedad de la Informaci\u00f3n y de Comercio electr\u00f3nico, el responsable del tratamiento de los datos personales recabados en este formulario es Quality M Proyectos S.L. Lo \u00fanico que vamos a hacer con tus datos es enviarte comunicaciones electr\u00f3nicas informativas, comerciales y\/o relativas a nuestras actividades, productos y servicios.<br \/>\nLos datos permanecer\u00e1n en nuestra base de datos mientras nos puedan ser de utilidad. Si dejasen de ser necesarios o pertinentes para ese fin, los bloquearemos y dejaremos de utilizarlos.<br \/>\nComo indicamos en nuestra <a href=\"\/proteccion-de-datos-lopd\">pol\u00edtica de protecci\u00f3n de datos<\/a>, Quality M Proyectos S.L. no ceder\u00e1 tus datos a ninguna empresa o tercero sin pedirte consentimiento expl\u00edcito. Adem\u00e1s, nos comprometeremos a adoptar las medidas t\u00e9cnicas y organizativas necesarias para mantenerlos protegidos. Si quieres retirar el consentimiento prestado y\/o ejercer tus derechos de acceso, rectificaci\u00f3n, supresi\u00f3n, portabilidad y limitaci\u00f3n u oposici\u00f3n a su tratamiento, bastar\u00e1 con que env\u00edes un correo electr\u00f3nico a <a href=\"mailto:info@quality-plus.es\">info@quality-plus.es<\/a> con el asunto \u00abMis datos personales\u00bb, en el que nos digas el derecho que quieres ejercitar adjuntando copia de tu DNI u otro documento identificativo.<\/p>\n[\/et_pb_text][\/et_pb_column][\/et_pb_row][\/et_pb_section][et_pb_section fb_built=\u00bb1&#8243; custom_padding_last_edited=\u00bbon|desktop\u00bb _builder_version=\u00bb3.0.105&#8243; custom_padding=\u00bb54px|0px|178px|0px\u00bb custom_padding_tablet=\u00bb||50px|\u00bb custom_padding_phone=\u00bb50px||50px|\u00bb][et_pb_row use_custom_width=\u00bbon\u00bb custom_width_px=\u00bb1280px\u00bb custom_padding=\u00bb0px|0px|27px|0px\u00bb custom_padding_phone=\u00bb0px|0px|27px|0px\u00bb make_equal=\u00bbon\u00bb disabled_on=\u00bbon|on|off\u00bb custom_padding_last_edited=\u00bbon|desktop\u00bb _builder_version=\u00bb3.0.105&#8243; background_size=\u00bbinitial\u00bb background_position=\u00bbtop_left\u00bb background_repeat=\u00bbrepeat\u00bb][et_pb_column type=\u00bb1_2&#8243; _builder_version=\u00bb3.0.47&#8243; parallax=\u00bboff\u00bb parallax_method=\u00bbon\u00bb][et_pb_code disabled_on=\u00bbon|off|off\u00bb _builder_version=\u00bb3.0.105&#8243;]&lt;iframe src=&quot;https:\/\/www.google.com\/maps\/embed?pb=!1m18!1m12!1m3!1d4287.029727273895!2d-3.6196172992241697!3d40.55511977449388!2m3!1f0!2f0!3f0!3m2!1i1024!2i768!4f13.1!3m3!1m2!1s0xd422d1ed36bdba7%3A0x2f813b6989983bc1!2sQuality+-+Arquitectos%2C+Construcci%C3%B3n+y+Promoci%C3%B3n+Inmobiliaria!5e0!3m2!1ses!2ses!4v1528181282741&amp;z&quot; width=&quot;900px&quot; height=&quot;250&quot; frameborder=&quot;0&quot; style=&quot;border:0 align:&quot;bottom!important&quot; allowfullscreen&gt;&lt;\/iframe&gt;[\/et_pb_code][\/et_pb_column][et_pb_column type=\u00bb1_2&#8243; _builder_version=\u00bb3.0.47&#8243; parallax=\u00bboff\u00bb parallax_method=\u00bbon\u00bb][et_pb_text disabled_on=\u00bbon|off|off\u00bb _builder_version=\u00bb3.0.105&#8243; text_font=\u00bb||||||||\u00bb text_font_size=\u00bb10px\u00bb text_line_height=\u00bb1.4em\u00bb header_font=\u00bb||||||||\u00bb global_module=\u00bb377&#8243; saved_tabs=\u00bball\u00bb]\n<p><strong>TRATAMIENTO DE DATOS DE CAR\u00c1CTER PERSONAL<\/strong><br \/>\nEn cumplimiento de los establecido en la normativa espa\u00f1ola y europea de Protecci\u00f3n de Datos de Car\u00e1cter Personal y Servicios de Sociedad de la Informaci\u00f3n y de Comercio electr\u00f3nico, el responsable del tratamiento de los datos personales recabados en este formulario es Quality M Proyectos S.L. Lo \u00fanico que vamos a hacer con tus datos es enviarte comunicaciones electr\u00f3nicas informativas, comerciales y\/o relativas a nuestras actividades, productos y servicios.<br \/>\nLos datos permanecer\u00e1n en nuestra base de datos mientras nos puedan ser de utilidad. Si dejasen de ser necesarios o pertinentes para ese fin, los bloquearemos y dejaremos de utilizarlos.<br \/>\nComo indicamos en nuestra <a href=\"\/proteccion-de-datos-lopd\">pol\u00edtica de protecci\u00f3n de datos<\/a>, Quality M Proyectos S.L. no ceder\u00e1 tus datos a ninguna empresa o tercero sin pedirte consentimiento expl\u00edcito. Adem\u00e1s, nos comprometeremos a adoptar las medidas t\u00e9cnicas y organizativas necesarias para mantenerlos protegidos. Si quieres retirar el consentimiento prestado y\/o ejercer tus derechos de acceso, rectificaci\u00f3n, supresi\u00f3n, portabilidad y limitaci\u00f3n u oposici\u00f3n a su tratamiento, bastar\u00e1 con que env\u00edes un correo electr\u00f3nico a <a href=\"mailto:info@quality-plus.es\">info@quality-plus.es<\/a> con el asunto \u00abMis datos personales\u00bb, en el que nos digas el derecho que quieres ejercitar adjuntando copia de tu DNI u otro documento identificativo.<\/p>\n[\/et_pb_text][\/et_pb_column][\/et_pb_row][et_pb_row use_custom_width=\u00bbon\u00bb width_unit=\u00bboff\u00bb custom_width_percent=\u00bb100%\u00bb custom_padding_phone=\u00bb0px|||\u00bb padding_1_last_edited=\u00bbon|desktop\u00bb disabled_on=\u00bboff|off|on\u00bb custom_padding_last_edited=\u00bbon|desktop\u00bb _builder_version=\u00bb3.0.105&#8243; custom_margin_phone=\u00bb0px|||\u00bb custom_margin_last_edited=\u00bbon|desktop\u00bb][et_pb_column type=\u00bb4_4&#8243; _builder_version=\u00bb3.0.47&#8243; padding_last_edited=\u00bbon|desktop\u00bb parallax=\u00bboff\u00bb parallax_method=\u00bbon\u00bb][et_pb_code _builder_version=\u00bb3.0.105&#8243;]&lt;iframe src=&quot;https:\/\/www.google.com\/maps\/embed?pb=!1m18!1m12!1m3!1d4287.029727273895!2d-3.6196172992241697!3d40.55511977449388!2m3!1f0!2f0!3f0!3m2!1i1024!2i768!4f13.1!3m3!1m2!1s0xd422d1ed36bdba7%3A0x2f813b6989983bc1!2sQuality+-+Arquitectos%2C+Construcci%C3%B3n+y+Promoci%C3%B3n+Inmobiliaria!5e0!3m2!1ses!2ses!4v1528181282741&amp;z&quot; width=&quot;100%&quot; height=&quot;250&quot; frameborder=&quot;0&quot; style=&quot;border:0&quot; allowfullscreen&gt;&lt;\/iframe&gt;[\/et_pb_code][\/et_pb_column][\/et_pb_row][\/et_pb_section]\n","protected":false},"excerpt":{"rendered":"<p>CONTACTA CON NOSOTROS Quality-Plus (oficina de ventas): Paseo de Europa 5, Torre 2, oficinas 2.1-2.2-3.1;\u00a0 San Sebasti\u00e1n de los Reyes, 28703, Madrid. Horario: L-V: 08.00h-14.30h \/\/ 15.00h-18.00h Tel.: 91 651 65 61 Tel.: 91 653 76 62 Mail: info@quality-plus.esCONTACTA CON NOSOTROS [contact-form-7 404 \"No encontrado\"]TRATAMIENTO DE DATOS DE CAR\u00c1CTER PERSONAL En cumplimiento de los [&hellip;]<\/p>\n","protected":false},"author":2,"featured_media":0,"parent":0,"menu_order":0,"comment_status":"closed","ping_status":"closed","template":"","meta":{"_et_pb_use_builder":"on","_et_pb_old_content":"","_et_gb_content_width":"","_mi_skip_tracking":false},"_links":{"self":[{"href":"https:\/\/fresnonorte.viviendaqualityplus.es\/index.php\/wp-json\/wp\/v2\/pages\/157"}],"collection":[{"href":"https:\/\/fresnonorte.viviendaqualityplus.es\/index.php\/wp-json\/wp\/v2\/pages"}],"about":[{"href":"https:\/\/fresnonorte.viviendaqualityplus.es\/index.php\/wp-json\/wp\/v2\/types\/page"}],"author":[{"embeddable":true,"href":"https:\/\/fresnonorte.viviendaqualityplus.es\/index.php\/wp-json\/wp\/v2\/users\/2"}],"replies":[{"embeddable":true,"href":"https:\/\/fresnonorte.viviendaqualityplus.es\/index.php\/wp-json\/wp\/v2\/comments?post=157"}],"version-history":[{"count":67,"href":"https:\/\/fresnonorte.viviendaqualityplus.es\/index.php\/wp-json\/wp\/v2\/pages\/157\/revisions"}],"predecessor-version":[{"id":2370,"href":"https:\/\/fresnonorte.viviendaqualityplus.es\/index.php\/wp-json\/wp\/v2\/pages\/157\/revisions\/2370"}],"wp:attachment":[{"href":"https:\/\/fresnonorte.viviendaqualityplus.es\/index.php\/wp-json\/wp\/v2\/media?parent=157"}],"curies":[{"name":"wp","href":"https:\/\/api.w.org\/{rel}","templated":true}]}}