{"id":155,"date":"2018-05-25T10:49:46","date_gmt":"2018-05-25T10:49:46","guid":{"rendered":"http:\/\/localhost\/wordpress\/promocionfresnonorte\/?page_id=155"},"modified":"2019-10-14T07:25:43","modified_gmt":"2019-10-14T07:25:43","slug":"planos-chalet-fresno-norte","status":"publish","type":"page","link":"https:\/\/fresnonorte.viviendaqualityplus.es\/index.php\/planos-chalet-fresno-norte\/","title":{"rendered":"PLANOS"},"content":{"rendered":"[et_pb_section fb_built=\u00bb1&#8243; _builder_version=\u00bb3.0.105&#8243; background_image=\u00bbhttp:\/\/fresnonorte.viviendaqualityplus.es\/wp-content\/uploads\/Quality-Fresno-Norte-vivienda-unifamiliar-cabecera-planos.jpg\u00bb background_size=\u00bbinitial\u00bb custom_padding=\u00bb54px|0px|56px|0px\u00bb global_module=\u00bb983&#8243; saved_tabs=\u00bball\u00bb][et_pb_row make_fullwidth=\u00bbon\u00bb custom_padding=\u00bb|||\u00bb custom_margin=\u00bb|||\u00bb _builder_version=\u00bb3.0.105&#8243; custom_css_main_element=\u00bbz-index:100;\u00bb][et_pb_column type=\u00bb4_4&#8243; _builder_version=\u00bb3.0.47&#8243; parallax=\u00bboff\u00bb parallax_method=\u00bbon\u00bb][et_pb_button button_url=\u00bb\/index.php\/contacto\u00bb button_text=\u00bbCONTACTAR\u00bb button_alignment=\u00bbright\u00bb _builder_version=\u00bb3.0.105&#8243; custom_margin=\u00bb-50px|||-130px\u00bb custom_padding=\u00bb|||\u00bb custom_button=\u00bbon\u00bb button_bg_color=\u00bbrgba(252,252,252,0.71)\u00bb button_on_hover=\u00bboff\u00bb button_bg_color_hover=\u00bbrgba(252,252,252,0.71)\u00bb button_letter_spacing_hover=\u00bb2&#8243; box_shadow_style=\u00bbpreset4&#8243; box_shadow_horizontal=\u00bb8px\u00bb box_shadow_vertical=\u00bb8px\u00bb box_shadow_color=\u00bbrgba(0,0,0,0.09)\u00bb custom_css_main_element=\u00bbposition:fixed;||z-index:100!important;\u00bb][\/et_pb_button][\/et_pb_column][\/et_pb_row][\/et_pb_section][et_pb_section fb_built=\u00bb1&#8243; custom_padding_last_edited=\u00bbon|desktop\u00bb _builder_version=\u00bb3.0.105&#8243; custom_padding=\u00bb140px|0px|54px|0px\u00bb custom_padding_phone=\u00bb50px|0px|0px|0px\u00bb][et_pb_row use_custom_width=\u00bbon\u00bb custom_width_px=\u00bb1280px\u00bb custom_padding=\u00bb0px|0px|91px|0px\u00bb custom_padding_phone=\u00bb0px|0px|50px|0px\u00bb custom_padding_last_edited=\u00bbon|desktop\u00bb _builder_version=\u00bb3.0.105&#8243; background_size=\u00bbinitial\u00bb background_position=\u00bbtop_left\u00bb background_repeat=\u00bbrepeat\u00bb][et_pb_column type=\u00bb2_3&#8243; _builder_version=\u00bb3.0.47&#8243; parallax=\u00bboff\u00bb parallax_method=\u00bbon\u00bb][et_pb_gallery gallery_ids=\u00bb2215&#8243; fullwidth=\u00bbon\u00bb _builder_version=\u00bb3.0.105&#8243; pagination_font_size_tablet=\u00bb51&#8243; pagination_line_height_tablet=\u00bb2&#8243; custom_padding=\u00bb||50px|\u00bb][\/et_pb_gallery][\/et_pb_column][et_pb_column type=\u00bb1_3&#8243; _builder_version=\u00bb3.0.47&#8243; parallax=\u00bboff\u00bb parallax_method=\u00bbon\u00bb][et_pb_button button_url=\u00bbhttp:\/\/fresnonorte.viviendaqualityplus.es\/wp-content\/uploads\/20190716_FICHA-VIVIENDA-4-1.pdf\u00bb url_new_window=\u00bbon\u00bb button_text=\u00bbDESCARGAR\u00bb button_alignment=\u00bbleft\u00bb _builder_version=\u00bb3.0.105&#8243; custom_margin=\u00bb25%|||\u00bb custom_margin_tablet=\u00bb0px|||\u00bb custom_margin_phone=\u00bb0px|||\u00bb custom_margin_last_edited=\u00bbon|desktop\u00bb custom_button=\u00bbon\u00bb button_font=\u00bb||||||||\u00bb button_icon=\u00bb%%18%%\u00bb button_on_hover=\u00bboff\u00bb button_letter_spacing_hover=\u00bb2&#8243; box_shadow_style=\u00bbpreset4&#8243; box_shadow_color=\u00bbrgba(173,173,173,0.3)\u00bb][\/et_pb_button][et_pb_text _builder_version=\u00bb3.0.105&#8243; text_font=\u00bb||||||||\u00bb custom_margin=\u00bb|||\u00bb custom_padding=\u00bb|||\u00bb custom_css_main_element=\u00bbmax-width:200px;\u00bb]\n<p>Haz click en el bot\u00f3n para descargar todos los planos de las 7 Viviendas Unifamiliares.<\/p>\n[\/et_pb_text][\/et_pb_column][\/et_pb_row][et_pb_row make_fullwidth=\u00bbon\u00bb _builder_version=\u00bb3.0.105&#8243;][et_pb_column type=\u00bb4_4&#8243; _builder_version=\u00bb3.0.105&#8243; parallax=\u00bboff\u00bb parallax_method=\u00bbon\u00bb][et_pb_text _builder_version=\u00bb3.0.105&#8243;]\n<p><span style=\"font-size: small;\">Los elementos mostrados en los planos son de car\u00e1cter informativo y no contractual, podr\u00eda experimentar variaciones por exigencias t\u00e9cnicas, jur\u00eddicas y administrativas del proyecto.Todo el mobiliario, tramas y colores incluidos en los planos son meramente decorativos y orientativos, no siendo objeto de contrato. Las medidas y superficies expresadas en este plano y sus leyendas son aproximadas, pudiendo experimentar modificaciones por razones de \u00edndole t\u00e9cnica, jur\u00eddica y administrativa en el desarrollo de los proyectos y de la ejecuci\u00f3n de las obras. Impresi\u00f3n art\u00edstica sujeta a modificaci\u00f3n, sin valor contractual.<\/span><\/p>\n[\/et_pb_text][\/et_pb_column][\/et_pb_row][\/et_pb_section]\n","protected":false},"excerpt":{"rendered":"<p>Haz click en el bot\u00f3n para descargar todos los planos de las 7 Viviendas Unifamiliares.Los elementos mostrados en los planos son de car\u00e1cter informativo y no contractual, podr\u00eda experimentar variaciones por exigencias t\u00e9cnicas, jur\u00eddicas y administrativas del proyecto.Todo el mobiliario, tramas y colores incluidos en los planos son meramente decorativos y orientativos, no siendo objeto [&hellip;]<\/p>\n","protected":false},"author":2,"featured_media":0,"parent":0,"menu_order":0,"comment_status":"closed","ping_status":"closed","template":"","meta":{"_et_pb_use_builder":"on","_et_pb_old_content":"","_et_gb_content_width":"","_mi_skip_tracking":false},"_links":{"self":[{"href":"https:\/\/fresnonorte.viviendaqualityplus.es\/index.php\/wp-json\/wp\/v2\/pages\/155"}],"collection":[{"href":"https:\/\/fresnonorte.viviendaqualityplus.es\/index.php\/wp-json\/wp\/v2\/pages"}],"about":[{"href":"https:\/\/fresnonorte.viviendaqualityplus.es\/index.php\/wp-json\/wp\/v2\/types\/page"}],"author":[{"embeddable":true,"href":"https:\/\/fresnonorte.viviendaqualityplus.es\/index.php\/wp-json\/wp\/v2\/users\/2"}],"replies":[{"embeddable":true,"href":"https:\/\/fresnonorte.viviendaqualityplus.es\/index.php\/wp-json\/wp\/v2\/comments?post=155"}],"version-history":[{"count":41,"href":"https:\/\/fresnonorte.viviendaqualityplus.es\/index.php\/wp-json\/wp\/v2\/pages\/155\/revisions"}],"predecessor-version":[{"id":2977,"href":"https:\/\/fresnonorte.viviendaqualityplus.es\/index.php\/wp-json\/wp\/v2\/pages\/155\/revisions\/2977"}],"wp:attachment":[{"href":"https:\/\/fresnonorte.viviendaqualityplus.es\/index.php\/wp-json\/wp\/v2\/media?parent=155"}],"curies":[{"name":"wp","href":"https:\/\/api.w.org\/{rel}","templated":true}]}}