{"id":153,"date":"2018-05-25T10:49:46","date_gmt":"2018-05-25T10:49:46","guid":{"rendered":"http:\/\/localhost\/wordpress\/promocionfresnonorte\/?page_id=153"},"modified":"2018-06-26T14:15:25","modified_gmt":"2018-06-26T14:15:25","slug":"ubicacion-chalet-fresno-norte","status":"publish","type":"page","link":"https:\/\/fresnonorte.viviendaqualityplus.es\/index.php\/ubicacion-chalet-fresno-norte\/","title":{"rendered":"UBICACI\u00d3N EXCEPCIONAL"},"content":{"rendered":"[et_pb_section fb_built=\u00bb1&#8243; _builder_version=\u00bb3.0.105&#8243; background_image=\u00bbhttp:\/\/fresnonorte.viviendaqualityplus.es\/wp-content\/uploads\/Quality-Fresno-Norte-vivienda-unifamiliar-cabecera-ubicacion.jpg\u00bb background_size=\u00bbinitial\u00bb custom_padding=\u00bb54px|0px|56px|0px\u00bb][et_pb_row make_fullwidth=\u00bbon\u00bb custom_padding=\u00bb|||\u00bb custom_margin=\u00bb|||\u00bb _builder_version=\u00bb3.0.105&#8243; custom_css_main_element=\u00bbz-index:100;\u00bb][et_pb_column type=\u00bb4_4&#8243; _builder_version=\u00bb3.0.47&#8243; parallax=\u00bboff\u00bb parallax_method=\u00bbon\u00bb][et_pb_button button_url=\u00bb\/index.php\/contacto\u00bb button_text=\u00bbCONTACTAR\u00bb button_alignment=\u00bbright\u00bb _builder_version=\u00bb3.0.105&#8243; custom_margin=\u00bb-50px|||-130px\u00bb custom_padding=\u00bb|||\u00bb custom_button=\u00bbon\u00bb button_bg_color=\u00bbrgba(252,252,252,0.71)\u00bb button_on_hover=\u00bboff\u00bb button_letter_spacing_hover=\u00bb2&#8243; box_shadow_style=\u00bbpreset4&#8243; box_shadow_horizontal=\u00bb8px\u00bb box_shadow_vertical=\u00bb8px\u00bb box_shadow_color=\u00bbrgba(0,0,0,0.09)\u00bb custom_css_main_element=\u00bbposition:fixed;||z-index:100!important;\u00bb][\/et_pb_button][\/et_pb_column][\/et_pb_row][\/et_pb_section][et_pb_section fb_built=\u00bb1&#8243; custom_padding_last_edited=\u00bbon|desktop\u00bb _builder_version=\u00bb3.0.105&#8243; custom_margin=\u00bb|||\u00bb custom_padding=\u00bb124px|0px|126px|0px\u00bb custom_padding_phone=\u00bb0px||50px|\u00bb][et_pb_row use_custom_width=\u00bbon\u00bb custom_width_px=\u00bb1280px\u00bb custom_padding=\u00bb27px|0px|0px|0px\u00bb custom_padding_phone=\u00bb50px|0px|0px|0px\u00bb custom_margin=\u00bb|||\u00bb custom_padding_last_edited=\u00bbon|phone\u00bb _builder_version=\u00bb3.0.105&#8243;][et_pb_column type=\u00bb1_2&#8243; _builder_version=\u00bb3.0.47&#8243; parallax=\u00bboff\u00bb parallax_method=\u00bbon\u00bb][et_pb_text _builder_version=\u00bb3.0.105&#8243; text_font=\u00bb||||||||\u00bb header_font=\u00bb|700||on|||||\u00bb header_font_size=\u00bb20px\u00bb header_2_font=\u00bb||||||||\u00bb header_2_font_size=\u00bb17px\u00bb header_2_font_size_phone=\u00bb12px\u00bb header_2_font_size_last_edited=\u00bbon|desktop\u00bb custom_margin=\u00bb||40px|\u00bb custom_margin_phone=\u00bb||20px|\u00bb custom_margin_last_edited=\u00bbon|phone\u00bb custom_padding=\u00bb|||\u00bb custom_css_main_element=\u00bbborder-left: 10px; ||border-left-color: #c4c4c4; ||border-left-style: solid;||padding-left: 10px;\u00bb]\n<h1>Quality FRESNO NORTE<\/h1>\n<h2>Viviendas Unifamiliares en una ubicaci\u00f3n excepcional<\/h2>\n[\/et_pb_text][et_pb_text _builder_version=\u00bb3.0.105&#8243; text_font=\u00bb||||||||\u00bb header_font=\u00bb|700|||||||\u00bb header_2_font=\u00bb||||||||\u00bb header_2_font_size=\u00bb20px\u00bb custom_padding=\u00bb|20px||\u00bb custom_padding_last_edited=\u00bbon|desktop\u00bb]\n<p>Las Viviendas Unifamiliares de Quality Fresno Norte se encuentran en una zona residencial exclusiva, rodeadas de <strong>un paraje natural \u00fanico<\/strong>,<strong> centros educativos<\/strong> y <strong>zonas comerciales<\/strong>.<\/p>\n<p>Dispone de un<strong> acceso directo a la A-1 y a la R-2<\/strong>, lo que agiliza el transporte a la capital en hora punta. Tambi\u00e9n cuenta con\u00a0<strong>autobuses de l\u00ednea<\/strong>.<\/p>\n<p>A pocos minutos en coche se encuentran varios<strong> centros de educaci\u00f3n internacionales privados<\/strong>, la <strong>Real Sociedad H\u00edpica Espa\u00f1ola<\/strong>, 4\u00a0<strong>campos de golf<\/strong> de 18 hoyos, el <strong>Complejo Deportivo del RACE<\/strong>, el <strong>Hospital Infanta Sof\u00eda<\/strong> (l\u00ednea 10 de metro)&#8230; Adem\u00e1s se encuentra muy pr\u00f3ximo a varios centros comerciales como\u00a0The Style Outlet, Plaza Norte y Decathlon.<\/p>\n<p>\u00a0<\/p>\n[\/et_pb_text][\/et_pb_column][et_pb_column type=\u00bb1_2&#8243; _builder_version=\u00bb3.0.47&#8243; parallax=\u00bboff\u00bb parallax_method=\u00bbon\u00bb][et_pb_code _builder_version=\u00bb3.0.105&#8243;]&lt;iframe src=&quot;https:\/\/www.google.com\/maps\/d\/embed?mid=1EDJfPrfahR1akv0h-sz-gLDIT7WH8IMy&amp;hl=es&quot; width=&quot;100%&quot; height=&quot;400&quot;&gt;&lt;\/iframe&gt;[\/et_pb_code][\/et_pb_column][\/et_pb_row][\/et_pb_section]\n","protected":false},"excerpt":{"rendered":"<p>Quality FRESNO NORTE Viviendas Unifamiliares en una ubicaci\u00f3n excepcionalLas Viviendas Unifamiliares de Quality Fresno Norte se encuentran en una zona residencial exclusiva, rodeadas de un paraje natural \u00fanico, centros educativos y zonas comerciales. Dispone de un acceso directo a la A-1 y a la R-2, lo que agiliza el transporte a la capital en hora [&hellip;]<\/p>\n","protected":false},"author":2,"featured_media":0,"parent":0,"menu_order":0,"comment_status":"closed","ping_status":"closed","template":"","meta":{"_et_pb_use_builder":"on","_et_pb_old_content":"","_et_gb_content_width":"","_mi_skip_tracking":false},"_links":{"self":[{"href":"https:\/\/fresnonorte.viviendaqualityplus.es\/index.php\/wp-json\/wp\/v2\/pages\/153"}],"collection":[{"href":"https:\/\/fresnonorte.viviendaqualityplus.es\/index.php\/wp-json\/wp\/v2\/pages"}],"about":[{"href":"https:\/\/fresnonorte.viviendaqualityplus.es\/index.php\/wp-json\/wp\/v2\/types\/page"}],"author":[{"embeddable":true,"href":"https:\/\/fresnonorte.viviendaqualityplus.es\/index.php\/wp-json\/wp\/v2\/users\/2"}],"replies":[{"embeddable":true,"href":"https:\/\/fresnonorte.viviendaqualityplus.es\/index.php\/wp-json\/wp\/v2\/comments?post=153"}],"version-history":[{"count":35,"href":"https:\/\/fresnonorte.viviendaqualityplus.es\/index.php\/wp-json\/wp\/v2\/pages\/153\/revisions"}],"predecessor-version":[{"id":2453,"href":"https:\/\/fresnonorte.viviendaqualityplus.es\/index.php\/wp-json\/wp\/v2\/pages\/153\/revisions\/2453"}],"wp:attachment":[{"href":"https:\/\/fresnonorte.viviendaqualityplus.es\/index.php\/wp-json\/wp\/v2\/media?parent=153"}],"curies":[{"name":"wp","href":"https:\/\/api.w.org\/{rel}","templated":true}]}}